{"id":4569,"date":"2024-02-29T14:32:01","date_gmt":"2024-02-29T11:32:01","guid":{"rendered":"http:\/\/chesstradingltd.com\/?page_id=4569"},"modified":"2024-02-29T14:43:08","modified_gmt":"2024-02-29T11:43:08","slug":"faaliyet-alanlarimiz","status":"publish","type":"page","link":"http:\/\/chesstradingltd.com\/index.php\/faaliyet-alanlarimiz\/","title":{"rendered":"FAAL\u0130YET ALANLARIMIZ"},"content":{"rendered":"\n\n\n<div class=\"wp-block-media-text is-stacked-on-mobile\"><figure class=\"wp-block-media-text__media\"><img loading=\"lazy\" decoding=\"async\" width=\"900\" height=\"563\" src=\"http:\/\/chesstradingltd.com\/wp-content\/uploads\/2024\/02\/faaliyetlerimiz1.jpg\" alt=\"\" class=\"wp-image-4578 size-full\" srcset=\"http:\/\/chesstradingltd.com\/wp-content\/uploads\/2024\/02\/faaliyetlerimiz1.jpg 900w, http:\/\/chesstradingltd.com\/wp-content\/uploads\/2024\/02\/faaliyetlerimiz1-300x188.jpg 300w, http:\/\/chesstradingltd.com\/wp-content\/uploads\/2024\/02\/faaliyetlerimiz1-768x480.jpg 768w\" sizes=\"auto, (max-width: 900px) 100vw, 900px\" \/><\/figure><div class=\"wp-block-media-text__content\">\n<ul class=\"wp-block-list\">\n<li>Sa\u011fl\u0131k Turizmi arac\u0131l\u0131k hizmetleri,<\/li>\n\n\n\n<li>Avrupa Birli\u011fi, Afrika ve T\u00fcrkiye pazarlar\u0131nda Sat\u0131\u015f ve Pazarlama hizmetlerinin yan\u0131 s\u0131ra G\u00fcmr\u00fck ve Lojistik faaliyetleri,<\/li>\n\n\n\n<li>Sporcu Menajerler ile Spor kul\u00fcpleri aras\u0131nda arac\u0131l\u0131k hizmetleri,<\/li>\n\n\n\n<li>Her t\u00fcrl\u00fc tar\u0131msal, hayvansal, deniz \u00fcr\u00fcnlerinin, g\u0131da maddesinin, s\u0131nai \u00fcr\u00fcnlerin, maden ve ta\u015f ocaklar\u0131n\u0131n d\u00fcnya piyasas\u0131na tan\u0131t\u0131lmas\u0131, ihracat\u0131 ve pazarlamas\u0131,<\/li>\n\n\n\n<li>Tekstil sanayi pazarlamas\u0131 ve ihracat ve arac\u0131l\u0131k hizmetleri,<\/li>\n\n\n\n<li>M\u00fcmessillik, distrib\u00fct\u00f6rl\u00fck, komisyonculuk, pazarlamac\u0131l\u0131k, acentelik yap\u0131lmas\u0131,<\/li>\n\n\n\n<li>Know-how anla\u015fmalar\u0131,<\/li>\n\n\n\n<li>Araba al\u0131m sat\u0131m i\u015fleri, <\/li>\n\n\n\n<li>Te\u015fhir stantlar\u0131, Show romlar, sat\u0131\u015f ma\u011fazalar\u0131, bayilik ve Francis\u2019lerin verilmesi,<\/li>\n\n\n\n<li>\u0130halelere kat\u0131lmak,<\/li>\n\n\n\n<li>Yat\u0131r\u0131m hizmetleri,<\/li>\n\n\n\n<li>Reel ve Elektronik ortamlarda Kongre, Seminer, Panel, Kurultay, Konferans, Bayi Toplant\u0131lar\u0131 d\u00fczenlenmesi ve\/veya bu hizmetlerin sa\u011flanmas\u0131, Resmi Kurumlar\u0131n, b\u00f6lgelerin ve \u015fehirlerin tan\u0131t\u0131lmas\u0131. Firmalar\u0131n \u00fcr\u00fbn ve hizmetlerinin tan\u0131t\u0131lmamda arac\u0131l\u0131k edilmesi;<\/li>\n\n\n\n<li>Her t\u00fcrl\u00fc emtian\u0131n ve hizmettin al\u0131m, sat\u0131m\u0131n\u0131 yapmak.<\/li>\n\n\n\n<li>Dan\u0131\u015fmanl\u0131k hizmetlerinin verilmesi ve bu konuda hizmet anla\u015fmalar\u0131 yapmak,<\/li>\n\n\n\n<li>Sermaye piyasas\u0131 ara\u00e7lar\u0131n\u0131n al\u0131m sat\u0131m\u0131n\u0131 ve faaliyetlerini y\u00fcr\u00fctmek,<\/li>\n\n\n\n<li>Finansal dan\u0131\u015fmanl\u0131k faaliyetlerini y\u00fcr\u00fctmek,<\/li>\n\n\n\n<li>E- Ticaret yapmak,<\/li>\n\n\n\n<li>\u015eirketin faaliyetlerini tan\u0131t\u0131c\u0131 ilan ve reklamlar yapmak,<\/li>\n\n\n\n<li>Emtia \u00fcretimi, yapmak, tesis kurmak, makine al\u0131m sat\u0131m\u0131 yapmak,<\/li>\n\n\n\n<li>Gayri menkul mal\u0131 veya Emlak Sat\u0131n almak, satmak,<\/li>\n\n\n\n<li>Konular\u0131nda farkl\u0131l\u0131k yarat\u0131p, uzman ekibimizle t\u00fcm projelerde de\u011fer yaratmak i\u00e7in t\u00fcm d\u0131\u015f ticaret faaliyetlerine destek olup, \u00e7\u00f6z\u00fcmler\u00a0sunuyoruz.<\/li>\n<\/ul>\n<\/div><\/div>\n","protected":false},"excerpt":{"rendered":"","protected":false},"author":1,"featured_media":0,"parent":0,"menu_order":0,"comment_status":"closed","ping_status":"closed","template":"custom-templates\/100-width.php","meta":{"footnotes":""},"class_list":["post-4569","page","type-page","status-publish","hentry"],"_links":{"self":[{"href":"http:\/\/chesstradingltd.com\/index.php\/wp-json\/wp\/v2\/pages\/4569","targetHints":{"allow":["GET"]}}],"collection":[{"href":"http:\/\/chesstradingltd.com\/index.php\/wp-json\/wp\/v2\/pages"}],"about":[{"href":"http:\/\/chesstradingltd.com\/index.php\/wp-json\/wp\/v2\/types\/page"}],"author":[{"embeddable":true,"href":"http:\/\/chesstradingltd.com\/index.php\/wp-json\/wp\/v2\/users\/1"}],"replies":[{"embeddable":true,"href":"http:\/\/chesstradingltd.com\/index.php\/wp-json\/wp\/v2\/comments?post=4569"}],"version-history":[{"count":5,"href":"http:\/\/chesstradingltd.com\/index.php\/wp-json\/wp\/v2\/pages\/4569\/revisions"}],"predecessor-version":[{"id":4581,"href":"http:\/\/chesstradingltd.com\/index.php\/wp-json\/wp\/v2\/pages\/4569\/revisions\/4581"}],"wp:attachment":[{"href":"http:\/\/chesstradingltd.com\/index.php\/wp-json\/wp\/v2\/media?parent=4569"}],"curies":[{"name":"wp","href":"https:\/\/api.w.org\/{rel}","templated":true}]}}